{"id":2684,"date":"2019-03-09T11:24:37","date_gmt":"2019-03-09T10:24:37","guid":{"rendered":"https:\/\/alfa.mywebwork.eu\/biura\/"},"modified":"2023-06-26T05:55:13","modified_gmt":"2023-06-26T03:55:13","slug":"biura","status":"publish","type":"page","link":"https:\/\/alfaforwarding.pl\/en\/biura\/","title":{"rendered":"Biura"},"content":{"rendered":"<p><img width=\"1360\" height=\"751\" src=\"https:\/\/alfaforwarding.pl\/wp-content\/uploads\/2022\/09\/zrzut_002.jpg\" alt=\"\" decoding=\"async\" loading=\"lazy\" srcset=\"https:\/\/alfaforwarding.pl\/wp-content\/uploads\/2022\/09\/zrzut_002.jpg 1360w, https:\/\/alfaforwarding.pl\/wp-content\/uploads\/2022\/09\/zrzut_002-300x166.jpg 300w, https:\/\/alfaforwarding.pl\/wp-content\/uploads\/2022\/09\/zrzut_002-1024x565.jpg 1024w, https:\/\/alfaforwarding.pl\/wp-content\/uploads\/2022\/09\/zrzut_002-768x424.jpg 768w\" sizes=\"auto, (max-width: 1360px) 100vw, 1360px\"><br \/>\nAlfa Forwarding ltd. sp. z o.o.&nbsp; Alfa Agencja celna CENTRALA<br \/>\nOddzia\u0142 Gda\u0144sk<br \/>\nOddzia\u0142 Warszawa<br \/>\nOddzia\u0142 Katowice<br \/>\nOddzia\u0142 \u015awiecie<br \/>\nOddzia\u0142 Wroc\u0142aw<\/p>\n","protected":false},"excerpt":{"rendered":"<p>Alfa Forwarding ltd. sp. z o.o.&nbsp; Alfa Agencja celna CENTRALA Oddzia\u0142 Gda\u0144sk Oddzia\u0142 Warszawa Oddzia\u0142 Katowice Oddzia\u0142 \u015awiecie Oddzia\u0142 Wroc\u0142aw<\/p>\n","protected":false},"author":1,"featured_media":0,"parent":0,"menu_order":0,"comment_status":"closed","ping_status":"closed","template":"","meta":{"_acf_changed":false,"_kad_blocks_custom_css":"","_kad_blocks_head_custom_js":"","_kad_blocks_body_custom_js":"","_kad_blocks_footer_custom_js":"","_kad_post_transparent":"","_kad_post_title":"","_kad_post_layout":"","_kad_post_sidebar_id":"","_kad_post_content_style":"","_kad_post_vertical_padding":"","_kad_post_feature":"","_kad_post_feature_position":"","_kad_post_header":false,"_kad_post_footer":false,"_kad_post_classname":"","footnotes":""},"class_list":["post-2684","page","type-page","status-publish","hentry"],"acf":[],"taxonomy_info":[],"featured_image_src_large":false,"author_info":{"display_name":"admin2","author_link":"https:\/\/alfaforwarding.pl\/en\/author\/admin2\/"},"comment_info":0,"_links":{"self":[{"href":"https:\/\/alfaforwarding.pl\/en\/wp-json\/wp\/v2\/pages\/2684","targetHints":{"allow":["GET"]}}],"collection":[{"href":"https:\/\/alfaforwarding.pl\/en\/wp-json\/wp\/v2\/pages"}],"about":[{"href":"https:\/\/alfaforwarding.pl\/en\/wp-json\/wp\/v2\/types\/page"}],"author":[{"embeddable":true,"href":"https:\/\/alfaforwarding.pl\/en\/wp-json\/wp\/v2\/users\/1"}],"replies":[{"embeddable":true,"href":"https:\/\/alfaforwarding.pl\/en\/wp-json\/wp\/v2\/comments?post=2684"}],"version-history":[{"count":0,"href":"https:\/\/alfaforwarding.pl\/en\/wp-json\/wp\/v2\/pages\/2684\/revisions"}],"wp:attachment":[{"href":"https:\/\/alfaforwarding.pl\/en\/wp-json\/wp\/v2\/media?parent=2684"}],"curies":[{"name":"wp","href":"https:\/\/api.w.org\/{rel}","templated":true}]}}