{"id":2123,"date":"2019-02-25T05:12:18","date_gmt":"2019-02-25T04:12:18","guid":{"rendered":"https:\/\/alfa.mywebwork.eu\/downloads\/"},"modified":"2019-05-27T15:19:16","modified_gmt":"2019-05-27T13:19:16","slug":"downloads","status":"publish","type":"page","link":"https:\/\/alfaforwarding.pl\/en\/downloads\/","title":{"rendered":"Downloads"},"content":{"rendered":"<h2 style=\"text-align: left;\"><span class=\"color_23\">Documents<\/span><\/h2>\n<div class=\"su-row\"><div class=\"su-column su-column-size-1-2\"><div class=\"su-column-inner su-u-clearfix su-u-trim\">\n<h3 class=\"font_2\"><strong>Alfa Forwarding LTD sp. zo.o.<\/strong><\/h3>\n<p class=\"font_2\"><span class=\"color_14\">Dokumenty rejestracyjne:<\/span><\/p>\n<div class=\"su-list\" style=\"margin-left:0px\">\n<ul>\n<li><img decoding=\"async\" src=\"https:\/\/alfaforwarding.pl\/wp-content\/uploads\/2016\/02\/pdf.png\" alt=\"\" \/> <a href=\"https:\/\/tregi.nazwa.pl\/wordpress\/wpn_alfa\/eng\/\/home\/barste\/domains\/mywebwork.eu\/private_html\/alfa\/wp-content\/uploads\/2016\/02\/NIP-2016.pdf\" target=\"_blank\" rel=\"noopener\">NIP 2016<\/a><\/li>\n<li><img decoding=\"async\" src=\"https:\/\/alfaforwarding.pl\/wp-content\/uploads\/2016\/02\/pdf.png\" alt=\"\" \/> <a href=\"https:\/\/tregi.nazwa.pl\/wordpress\/wpn_alfa\/eng\/\/home\/barste\/domains\/mywebwork.eu\/private_html\/alfa\/wp-content\/uploads\/2016\/02\/REGON.pdf\" target=\"_blank\" rel=\"noopener\">REGON<\/a><\/li>\n<li><img decoding=\"async\" src=\"https:\/\/alfaforwarding.pl\/wp-content\/uploads\/2016\/02\/pdf.png\" alt=\"\" \/> <a href=\"https:\/\/alfaforwarding.pl\/wp-content\/uploads\/2018\/06\/KRS-Alfa-Forwarding.pdf\">KRS<\/a><\/li>\n<li><img decoding=\"async\" src=\"https:\/\/alfaforwarding.pl\/wp-content\/uploads\/2016\/02\/pdf.png\" alt=\"\" \/> <a href=\"https:\/\/alfaforwarding.pl\/wp-content\/uploads\/2018\/06\/OCS-certyfikat.pdf\">ALFA polisa<\/a><\/li>\n<li><img decoding=\"async\" src=\"https:\/\/alfaforwarding.pl\/wp-content\/uploads\/2016\/02\/pdf.png\" alt=\"\" \/> <a href=\"https:\/\/alfaforwarding.pl\/wp-content\/uploads\/2018\/06\/AEO-AF.pdf\">AEO AF<\/a><\/li>\n<li><img decoding=\"async\" src=\"https:\/\/alfaforwarding.pl\/wp-content\/uploads\/2016\/02\/pdf.png\" alt=\"\" \/> <a href=\"https:\/\/alfaforwarding.pl\/wp-content\/uploads\/2018\/06\/ISO.pdf\">ISO<\/a><\/li>\n<\/ul>\n<\/div>\n<\/div><\/div> <div class=\"su-column su-column-size-1-2\"><div class=\"su-column-inner su-u-clearfix su-u-trim\">\n<h3 class=\"font_2\"><strong>Alfa Agencja Celna sp. zo.o.<\/strong><\/h3>\n<p class=\"font_2\"><span class=\"color_14\">Dokumenty rejestracyjne:<\/span><\/p>\n<div class=\"su-list\" style=\"margin-left:0px\">\n<ul>\n<li><img decoding=\"async\" src=\"https:\/\/alfaforwarding.pl\/wp-content\/uploads\/2016\/02\/pdf.png\" alt=\"\" \/> <a href=\"https:\/\/tregi.nazwa.pl\/wordpress\/wpn_alfa\/eng\/\/home\/barste\/domains\/mywebwork.eu\/private_html\/alfa\/wp-content\/uploads\/2016\/02\/NIP.pdf\" target=\"_blank\" rel=\"noopener\">NIP<\/a><\/li>\n<li><img decoding=\"async\" src=\"https:\/\/alfaforwarding.pl\/wp-content\/uploads\/2016\/02\/pdf.png\" alt=\"\" \/> <a href=\"https:\/\/tregi.nazwa.pl\/wordpress\/wpn_alfa\/eng\/\/home\/barste\/domains\/mywebwork.eu\/private_html\/alfa\/wp-content\/uploads\/2016\/02\/regon.pdf\" target=\"_blank\" rel=\"noopener\">Regon<\/a><\/li>\n<li><img decoding=\"async\" src=\"https:\/\/alfaforwarding.pl\/wp-content\/uploads\/2016\/02\/pdf.png\" alt=\"\" \/> <a href=\"https:\/\/alfaforwarding.pl\/wp-content\/uploads\/2018\/06\/KRS-Alfa-Agencja-Celna.pdf\">Krs<\/a><\/li>\n<li><img decoding=\"async\" src=\"https:\/\/alfaforwarding.pl\/wp-content\/uploads\/2016\/02\/pdf.png\" alt=\"\" \/> <a href=\"https:\/\/alfaforwarding.pl\/wp-content\/uploads\/2018\/06\/AEO-AC.pdf\">Ubezpieczenie<\/a><\/li>\n<li><img decoding=\"async\" src=\"https:\/\/alfaforwarding.pl\/wp-content\/uploads\/2016\/02\/pdf.png\" alt=\"\" \/> <a href=\"https:\/\/alfaforwarding.pl\/wp-content\/uploads\/2018\/06\/AEO-AC.pdf\">AEO AC<\/a><\/li>\n<\/ul>\n<\/div>\n<\/div><\/div><\/div>\n<div class=\"su-row\"><div class=\"su-column su-column-size-1-2\"><div class=\"su-column-inner su-u-clearfix su-u-trim\">\n<h2 style=\"text-align: left;\"><span class=\"color_23\">Us\u0142ugi celne<\/span><\/h2>\n<div class=\"su-list\" style=\"margin-left:0px\">\n<ul>\n<li><img decoding=\"async\" src=\"https:\/\/alfaforwarding.pl\/wp-content\/uploads\/2016\/02\/word.png\" alt=\"\" \/> <a href=\"https:\/\/alfaforwarding.pl\/wp-content\/uploads\/2018\/06\/Upowa\u017cnienie-AC-doc..doc\">Upowa\u017cnienie AC<\/a><\/li>\n<li><img decoding=\"async\" src=\"https:\/\/alfaforwarding.pl\/wp-content\/uploads\/2016\/02\/word.png\" alt=\"\" \/> <a href=\"https:\/\/alfaforwarding.pl\/wp-content\/uploads\/2018\/06\/Za\u0142\u0105cznik-do-upowa\u017cnienia-doc..doc\">Za\u0142\u0105cznik do upowa\u017cnienia<\/a><\/li>\n<li><img decoding=\"async\" src=\"https:\/\/alfaforwarding.pl\/wp-content\/uploads\/2016\/02\/word.png\" alt=\"\" \/> <a href=\"https:\/\/alfaforwarding.pl\/wp-content\/uploads\/2018\/06\/O\u015bwiadczenie_VAT_-_UCS-doc..doc\">O\u015bwiadczenie VAT<\/a><\/li>\n<li><img decoding=\"async\" src=\"https:\/\/alfaforwarding.pl\/wp-content\/uploads\/2016\/02\/word.png\" alt=\"\" \/> <a href=\"https:\/\/alfaforwarding.pl\/wp-content\/uploads\/2018\/06\/Zobowi\u0105zanie-dostarczania-deklaracji-VAT.doc.docx\">Zobowi\u0105zanie do dostarczenia deklaracji<\/a><\/li>\n<li><img decoding=\"async\" src=\"https:\/\/alfaforwarding.pl\/wp-content\/uploads\/2016\/02\/word.png\" alt=\"\" \/> <a href=\"https:\/\/alfaforwarding.pl\/wp-content\/uploads\/2018\/06\/Wniosek_do_UCS-doc..doc\">Wniosek do USC<\/a><\/li>\n<\/ul>\n<\/div>\n<\/div><\/div> <div class=\"su-column su-column-size-1-2\"><div class=\"su-column-inner su-u-clearfix su-u-trim\">\n<div class=\"su-list\" style=\"margin-left:0px\">\n<ul>\n<li><img decoding=\"async\" src=\"https:\/\/alfaforwarding.pl\/wp-content\/uploads\/2016\/02\/pdf.png\" alt=\"\" \/> <a href=\"https:\/\/alfaforwarding.pl\/wp-content\/uploads\/2018\/06\/Upowa\u017cnienie-AC-pdf..pdf\">Upowa\u017cnienie AC<\/a><\/li>\n<li><img decoding=\"async\" src=\"https:\/\/alfaforwarding.pl\/wp-content\/uploads\/2016\/02\/pdf.png\" alt=\"\" \/> <a href=\"https:\/\/alfaforwarding.pl\/wp-content\/uploads\/2018\/06\/Za\u0142\u0105cznik-do-upowa\u017cnienia-pdf..pdf\">Za\u0142\u0105cznik do upowa\u017cnienia<\/a><\/li>\n<li><img decoding=\"async\" src=\"https:\/\/alfaforwarding.pl\/wp-content\/uploads\/2016\/02\/pdf.png\" alt=\"\" \/> <a href=\"https:\/\/alfaforwarding.pl\/wp-content\/uploads\/2018\/06\/O\u015bwiadczenie_VAT_-_UCS-doc..doc\">O\u015bwiadczenie VAT<\/a><\/li>\n<li><img decoding=\"async\" src=\"https:\/\/alfaforwarding.pl\/wp-content\/uploads\/2016\/02\/pdf.png\" alt=\"\" \/> <a href=\"https:\/\/alfaforwarding.pl\/wp-content\/uploads\/2018\/06\/Zobowi\u0105zanie-dostarczania-deklaracji-VAT.pdf\">Zobowi\u0105zanie do dostarczenia deklaracji<\/a><\/li>\n<li><img decoding=\"async\" src=\"https:\/\/alfaforwarding.pl\/wp-content\/uploads\/2016\/02\/pdf.png\" alt=\"\" \/> <a href=\"https:\/\/alfaforwarding.pl\/wp-content\/uploads\/2018\/06\/Wniosek_do_UCS-pdf..pdf\">Wniosek do USC<\/a><\/li>\n<li><img decoding=\"async\" src=\"https:\/\/alfaforwarding.pl\/wp-content\/uploads\/2016\/02\/pdf.png\" alt=\"\" \/> <a href=\"https:\/\/alfaforwarding.pl\/wp-content\/uploads\/2019\/05\/rev0_286449-2019-AQ-POL-RvA_eng_1-67GRKT7_CC.pdf\" target=\"_blank\" rel=\"noopener noreferrer\">Management System Certificate<\/a><\/li>\n<\/ul>\n<\/div>\n<\/div><\/div><\/div>\n<p style=\"text-align: center;\"><span class=\"color_23\">Us\u0142ugi spedycji \u015bwiadczymy zgodnie z Og\u00f3lnymi Polskimi Warunkami Spedycyjnymi PISiL (01\/01\/2010) z mo\u017cliwo\u015bci\u0105 uzgodnienia ich rozszerzenia. &#8211; <a href=\"https:\/\/alfaforwarding.pl\/wp-content\/uploads\/2016\/02\/OPWS-2010-1.pdf\" rel=\"\">OPWS 2010<\/a><\/span><\/p>\n","protected":false},"excerpt":{"rendered":"<p>Documents Us\u0142ugi spedycji \u015bwiadczymy zgodnie z Og\u00f3lnymi Polskimi Warunkami Spedycyjnymi PISiL (01\/01\/2010) z mo\u017cliwo\u015bci\u0105 uzgodnienia ich rozszerzenia. &#8211; OPWS 2010<\/p>\n","protected":false},"author":1,"featured_media":0,"parent":0,"menu_order":0,"comment_status":"closed","ping_status":"closed","template":"","meta":{"_acf_changed":false,"_kad_blocks_custom_css":"","_kad_blocks_head_custom_js":"","_kad_blocks_body_custom_js":"","_kad_blocks_footer_custom_js":"","_kad_post_transparent":"","_kad_post_title":"","_kad_post_layout":"","_kad_post_sidebar_id":"","_kad_post_content_style":"","_kad_post_vertical_padding":"","_kad_post_feature":"","_kad_post_feature_position":"","_kad_post_header":false,"_kad_post_footer":false,"_kad_post_classname":"","footnotes":""},"class_list":["post-2123","page","type-page","status-publish","hentry"],"acf":[],"taxonomy_info":[],"featured_image_src_large":false,"author_info":{"display_name":"admin2","author_link":"https:\/\/alfaforwarding.pl\/en\/author\/admin2\/"},"comment_info":0,"_links":{"self":[{"href":"https:\/\/alfaforwarding.pl\/en\/wp-json\/wp\/v2\/pages\/2123","targetHints":{"allow":["GET"]}}],"collection":[{"href":"https:\/\/alfaforwarding.pl\/en\/wp-json\/wp\/v2\/pages"}],"about":[{"href":"https:\/\/alfaforwarding.pl\/en\/wp-json\/wp\/v2\/types\/page"}],"author":[{"embeddable":true,"href":"https:\/\/alfaforwarding.pl\/en\/wp-json\/wp\/v2\/users\/1"}],"replies":[{"embeddable":true,"href":"https:\/\/alfaforwarding.pl\/en\/wp-json\/wp\/v2\/comments?post=2123"}],"version-history":[{"count":0,"href":"https:\/\/alfaforwarding.pl\/en\/wp-json\/wp\/v2\/pages\/2123\/revisions"}],"wp:attachment":[{"href":"https:\/\/alfaforwarding.pl\/en\/wp-json\/wp\/v2\/media?parent=2123"}],"curies":[{"name":"wp","href":"https:\/\/api.w.org\/{rel}","templated":true}]}}